{"id":757,"date":"2022-03-13T11:38:41","date_gmt":"2022-03-13T11:38:41","guid":{"rendered":"https:\/\/premiumpropertybenahavis.com\/contact\/"},"modified":"2024-03-07T13:50:02","modified_gmt":"2024-03-07T13:50:02","slug":"contacto","status":"publish","type":"page","link":"https:\/\/premiumpropertybenahavis.com\/es\/contacto\/","title":{"rendered":"Contacto"},"content":{"rendered":"\n<section class=\"wp-block-uagb-section uagb-section__wrap uagb-section__background-image uagb-block-5ebb7a52\"><div class=\"uagb-section__overlay\"><\/div><div class=\"uagb-section__inner-wrap\">\n<h2 class=\"wp-block-heading has-text-align-center has-white-color has-text-color\" style=\"font-size:56px;line-height:1.6\">Ponte en contacto<\/h2>\n\n\n\n<div style=\"height:60px\" aria-hidden=\"true\" class=\"wp-block-spacer\"><\/div>\n\n\n\n<h2 class=\"wp-block-heading has-text-align-center has-white-color has-text-color\" style=\"font-size:28px\">Tel\u00e9fono: <a href=\"tel:0034952855489\">+34 952 855 489<\/a><\/h2>\n\n\n\n<div style=\"height:110px\" aria-hidden=\"true\" class=\"wp-block-spacer\"><\/div>\n\n\n\n<h2 class=\"wp-block-heading has-text-align-center has-white-color has-text-color\" style=\"font-size:28px;line-height:1.9\">Env\u00edanos un email con tus requisitos y preferencias llenando el formulario a continuaci\u00f3n, y nuestro equipo de expertos se pondr\u00e1 en contacto contigo lo antes posible.<\/h2>\n<\/div><\/section>\n\n\n\n<section class=\"wp-block-uagb-section uagb-section__wrap uagb-section__background-undefined uagb-block-e08bf09d\"><div class=\"uagb-section__overlay\"><\/div><div class=\"uagb-section__inner-wrap\">\n<div class=\"wp-block-contact-form-7-contact-form-selector\">\n<div class=\"wpcf7 no-js\" id=\"wpcf7-f850-o1\" lang=\"es-ES\" dir=\"ltr\" data-wpcf7-id=\"850\">\n<div class=\"screen-reader-response\"><p role=\"status\" aria-live=\"polite\" aria-atomic=\"true\"><\/p> <ul><\/ul><\/div>\n<form action=\"\/es\/wp-json\/wp\/v2\/pages\/757#wpcf7-f850-o1\" method=\"post\" class=\"wpcf7-form init\" aria-label=\"Formulario de contacto\" novalidate=\"novalidate\" data-status=\"init\">\n<fieldset class=\"hidden-fields-container\"><input type=\"hidden\" name=\"_wpcf7\" value=\"850\" \/><input type=\"hidden\" name=\"_wpcf7_version\" value=\"6.1.5\" \/><input type=\"hidden\" name=\"_wpcf7_locale\" value=\"es_ES\" \/><input type=\"hidden\" name=\"_wpcf7_unit_tag\" value=\"wpcf7-f850-o1\" \/><input type=\"hidden\" name=\"_wpcf7_container_post\" value=\"0\" \/><input type=\"hidden\" name=\"_wpcf7_posted_data_hash\" value=\"\" \/><input type=\"hidden\" name=\"_wpcf7_recaptcha_response\" value=\"\" \/>\n<\/fieldset>\n<div class=\"row\">\n\t<div class=\"col-md-6 pb-3\">\n\t\t<p><label> Nombre*<br \/>\n<span class=\"wpcf7-form-control-wrap\" data-name=\"your-name\"><input size=\"40\" maxlength=\"400\" class=\"wpcf7-form-control wpcf7-text wpcf7-validates-as-required form-control\" aria-required=\"true\" aria-invalid=\"false\" value=\"\" type=\"text\" name=\"your-name\" \/><\/span> <\/label>\n\t\t<\/p>\n\t<\/div>\n\t<div class=\"col-md-6 pb-3\">\n\t\t<p><label> Email*<br \/>\n<span class=\"wpcf7-form-control-wrap\" data-name=\"your-email\"><input size=\"40\" maxlength=\"400\" class=\"wpcf7-form-control wpcf7-email wpcf7-validates-as-required wpcf7-text wpcf7-validates-as-email form-control\" aria-required=\"true\" aria-invalid=\"false\" value=\"\" type=\"email\" name=\"your-email\" \/><\/span> <\/label>\n\t\t<\/p>\n\t<\/div>\n\t<div class=\"col-md-3 pb-3 pt-3\" class:form-control>\n\t\t<p><label> Tel\u00e9fono:<br \/>\n<span class=\"wpcf7-form-control-wrap\" data-name=\"tel-380\"><input size=\"40\" maxlength=\"400\" class=\"wpcf7-form-control wpcf7-tel wpcf7-text wpcf7-validates-as-tel form-control\" aria-invalid=\"false\" value=\"\" type=\"tel\" name=\"tel-380\" \/><\/span> <\/label>\n\t\t<\/p>\n\t<\/div>\n\t<div class=\"col-md-3 pb-3 pt-3\">\n\t\t<p><label> C\u00f3digo pa\u00eds:<br \/>\n<span class=\"wpcf7-form-control-wrap\" data-name=\"countrytext-287\"><input size=\"40\" class=\"wpcf7-form-control wpcf7-countrytext wpcf7-text wpcf7-validates-as-countrytext form-select\" aria-invalid=\"false\" value=\"\" type=\"text\" name=\"countrytext-287\" \/><\/span> <\/label>\n\t\t<\/p>\n\t<\/div>\n\t<div class=\"col-md-6 pb-3 pt-3\">\n\t\t<p><label> Dinos cu\u00e1ndo es el mejor momento para contactarte:<br \/>\n<span class=\"wpcf7-form-control-wrap\" data-name=\"text-963\"><input size=\"40\" maxlength=\"400\" class=\"wpcf7-form-control wpcf7-text form-control\" aria-invalid=\"false\" value=\"\" type=\"text\" name=\"text-963\" \/><\/span> <\/label>\n\t\t<\/p>\n\t<\/div>\n\t<div class=\"col-md-12 pb-3 pt-3\">\n\t\t<p><label> Escribe aqu\u00ed tus comentarios y sugerencias<br \/>\n<span class=\"wpcf7-form-control-wrap\" data-name=\"your-message\"><textarea cols=\"40\" rows=\"10\" maxlength=\"2000\" class=\"wpcf7-form-control wpcf7-textarea form-control\" aria-invalid=\"false\" name=\"your-message\"><\/textarea><\/span> <\/label>\n\t\t<\/p>\n\t<\/div>\n\t<div class=\"col-12 pb-3 pt-3\">\n\t<hr \/>\n\t<\/div>\n\t<div class=\"col-md-12 pb-3\">\n\t\t<p><label> <span class=\"wpcf7-form-control-wrap\" data-name=\"acceptance-privacidad\"><span class=\"wpcf7-form-control wpcf7-acceptance\"><span class=\"wpcf7-list-item\"><label><input type=\"checkbox\" name=\"acceptance-privacidad\" value=\"1\" aria-invalid=\"false\" \/><span class=\"wpcf7-list-item-label\">He le\u00eddo y acepto la <a href=\"\/es\/politica-privacidad\/\" target=\"_blank\">pol\u00edtica de privacidad<\/a> de esta web. *<\/span><\/label><\/span><\/span><\/span><\/label>\n\t\t<\/p>\n\t<\/div>\n\t<div class=\"col-md-12 pb-4 pt-2\">\n\t\t<p><label> <span class=\"wpcf7-form-control-wrap\" data-name=\"acceptance-comercial\"><span class=\"wpcf7-form-control wpcf7-acceptance optional\"><span class=\"wpcf7-list-item\"><label><input type=\"checkbox\" name=\"acceptance-comercial\" value=\"1\" aria-invalid=\"false\" \/><span class=\"wpcf7-list-item-label\">Autorizo el env\u00edo de comunicaciones comerciales. Puedes encontrar m\u00e1s informaci\u00f3n en el <a href=\"\/es\/terminos-y-condiciones\/\" target=\"_blank\">Aviso Legal<\/a>.<\/span><\/label><\/span><\/span><\/span><\/label>\n\t\t<\/p>\n\t<\/div>\n\t<div class=\"col-md-12 pt-3\">\n\t\t<p><input class=\"wpcf7-form-control wpcf7-submit has-spinner btn btn-primary\" type=\"submit\" value=\"CONTACTAR AGENTE\" \/><br \/>\n<small>* Campos obligatorios para activar el bot\u00f3n.<\/small>\n\t\t<\/p>\n\t<\/div>\n<\/div><div class=\"wpcf7-response-output\" aria-hidden=\"true\"><\/div>\n<\/form>\n<\/div>\n<\/div>\n<\/div><\/section>\n\n\n\t<section class=\"ic-google-maps-wrapper\">\n\t\t<div class=\"box-map position-relative\">\n\t\t\t<div id=\"gmap\"><\/div>\n\t\t\t<div class=\"info-map\">\n\t\t\t\t<h2 class=\"map-titulo\">Premium Property Benahav\u00eds<\/h2>\n\t\t\t\t<div class=\"map-texto\">\n\t\t\t\t\t<p><img decoding=\"async\" src=\"\/wp-content\/uploads\/2022\/03\/logo-footer-retina.png\" class=\"gmap-logo\"><br \/><strong>Oficina en Espa\u00f1a<\/strong><\/p>\n<p>Urb. La Aldea Plaza Camilo Jos\u00e9 Cela, Local 1<br \/>29679 Benahav\u00eds<br \/>M\u00e1laga, Espa\u00f1a<\/p>\n<p>T: <a href=\"tel:0034952855489\">+34 952 85 54 89<\/a><br \/>E: <a href=\"mailto:info@premiumpropertybenahavis.com\">info@premiumpropertybenahavis.com<\/a><\/p>\n<p><strong>Oficina en Noruega<\/strong><\/p>\n<p>Formidler Propertiespain.no\/se Bjerk\u00e5sholmen<br \/>15 3470 Slemmestad-Oslo- Norge.<br \/>T: <a href=\"tel:004792441323\">+47 92 44 13 23<\/a><br \/>E: <a href=\"mailto:ulrika@propertiespain.no\">ulrika@propertiespain.no<\/a><br \/><\/p>\n\t\t\t\t<\/div>\n\t\t\t<\/div>\n\t\t<\/div>\n\t<\/section>\n\t<script type=\"application\/javascript\">\n\t\tjQuery(window).on('load', function() {\n\t\t\tinitMapByLatLng(16,'36.5242904', '-5.0469503', '\/wp-content\/themes\/benahavispro\/images\/marker.png', 'Premium Property Benahav\u00eds');\n\t\t});\n\t<\/script>\n\t\n","protected":false},"excerpt":{"rendered":"","protected":false},"author":1,"featured_media":702,"parent":0,"menu_order":0,"comment_status":"closed","ping_status":"closed","template":"","meta":{"_uag_custom_page_level_css":"","footnotes":""},"class_list":["post-757","page","type-page","status-publish","has-post-thumbnail","hentry"],"yoast_head":"<!-- This site is optimized with the Yoast SEO plugin v27.4 - https:\/\/yoast.com\/product\/yoast-seo-wordpress\/ -->\n<title>Contacto | Expertos Inmobiliarios en Propiedades de Lujo en Benahav\u00eds<\/title>\n<meta name=\"description\" content=\"\u00bfInteresado en propiedades de lujo en Benahav\u00eds? Contacte con nuestros expertos. Estamos aqu\u00ed para ayudarle a encontrar la propiedad perfecta que se ajuste a su estilo de vida.\" \/>\n<meta name=\"robots\" content=\"index, follow, max-snippet:-1, max-image-preview:large, max-video-preview:-1\" \/>\n<link rel=\"canonical\" href=\"https:\/\/premiumpropertybenahavis.com\/es\/contacto\/\" \/>\n<meta property=\"og:locale\" content=\"es_ES\" \/>\n<meta property=\"og:type\" content=\"article\" \/>\n<meta property=\"og:title\" content=\"Contacto | Expertos Inmobiliarios en Propiedades de Lujo en Benahav\u00eds\" \/>\n<meta property=\"og:description\" content=\"\u00bfInteresado en propiedades de lujo en Benahav\u00eds? Contacte con nuestros expertos. Estamos aqu\u00ed para ayudarle a encontrar la propiedad perfecta que se ajuste a su estilo de vida.\" \/>\n<meta property=\"og:url\" content=\"https:\/\/premiumpropertybenahavis.com\/es\/contacto\/\" \/>\n<meta property=\"og:site_name\" content=\"Premium Properties Benahav\u00eds\" \/>\n<meta property=\"article:modified_time\" content=\"2024-03-07T13:50:02+00:00\" \/>\n<meta property=\"og:image\" content=\"https:\/\/premiumpropertybenahavis.com\/wp-content\/uploads\/2022\/03\/logo-footer-retina.png\" \/>\n\t<meta property=\"og:image:width\" content=\"611\" \/>\n\t<meta property=\"og:image:height\" content=\"191\" \/>\n\t<meta property=\"og:image:type\" content=\"image\/png\" \/>\n<meta name=\"twitter:card\" content=\"summary_large_image\" \/>\n<meta name=\"twitter:label1\" content=\"Tiempo de lectura\" \/>\n\t<meta name=\"twitter:data1\" content=\"1 minuto\" \/>\n<script type=\"application\/ld+json\" class=\"yoast-schema-graph\">{\"@context\":\"https:\\\/\\\/schema.org\",\"@graph\":[{\"@type\":\"WebPage\",\"@id\":\"https:\\\/\\\/premiumpropertybenahavis.com\\\/es\\\/contacto\\\/\",\"url\":\"https:\\\/\\\/premiumpropertybenahavis.com\\\/es\\\/contacto\\\/\",\"name\":\"Contacto | Expertos Inmobiliarios en Propiedades de Lujo en Benahav\u00eds\",\"isPartOf\":{\"@id\":\"https:\\\/\\\/premiumpropertybenahavis.com\\\/es\\\/#website\"},\"primaryImageOfPage\":{\"@id\":\"https:\\\/\\\/premiumpropertybenahavis.com\\\/es\\\/contacto\\\/#primaryimage\"},\"image\":{\"@id\":\"https:\\\/\\\/premiumpropertybenahavis.com\\\/es\\\/contacto\\\/#primaryimage\"},\"thumbnailUrl\":\"https:\\\/\\\/premiumpropertybenahavis.com\\\/wp-content\\\/uploads\\\/2022\\\/03\\\/logo-footer-retina.png\",\"datePublished\":\"2022-03-13T11:38:41+00:00\",\"dateModified\":\"2024-03-07T13:50:02+00:00\",\"description\":\"\u00bfInteresado en propiedades de lujo en Benahav\u00eds? Contacte con nuestros expertos. Estamos aqu\u00ed para ayudarle a encontrar la propiedad perfecta que se ajuste a su estilo de vida.\",\"breadcrumb\":{\"@id\":\"https:\\\/\\\/premiumpropertybenahavis.com\\\/es\\\/contacto\\\/#breadcrumb\"},\"inLanguage\":\"es\",\"potentialAction\":[{\"@type\":\"ReadAction\",\"target\":[\"https:\\\/\\\/premiumpropertybenahavis.com\\\/es\\\/contacto\\\/\"]}]},{\"@type\":\"ImageObject\",\"inLanguage\":\"es\",\"@id\":\"https:\\\/\\\/premiumpropertybenahavis.com\\\/es\\\/contacto\\\/#primaryimage\",\"url\":\"https:\\\/\\\/premiumpropertybenahavis.com\\\/wp-content\\\/uploads\\\/2022\\\/03\\\/logo-footer-retina.png\",\"contentUrl\":\"https:\\\/\\\/premiumpropertybenahavis.com\\\/wp-content\\\/uploads\\\/2022\\\/03\\\/logo-footer-retina.png\",\"width\":611,\"height\":191,\"caption\":\"Premium Property Benahavis\"},{\"@type\":\"BreadcrumbList\",\"@id\":\"https:\\\/\\\/premiumpropertybenahavis.com\\\/es\\\/contacto\\\/#breadcrumb\",\"itemListElement\":[{\"@type\":\"ListItem\",\"position\":1,\"name\":\"Home\",\"item\":\"https:\\\/\\\/premiumpropertybenahavis.com\\\/es\\\/\"},{\"@type\":\"ListItem\",\"position\":2,\"name\":\"Contacto\"}]},{\"@type\":\"WebSite\",\"@id\":\"https:\\\/\\\/premiumpropertybenahavis.com\\\/es\\\/#website\",\"url\":\"https:\\\/\\\/premiumpropertybenahavis.com\\\/es\\\/\",\"name\":\"Premium Properties Benahav\u00eds\",\"description\":\"Only the best properties for sale in Benahavis and Marbella. Villas &amp; Mansions in the most exclusive area in Andalusia - southern Spain\",\"potentialAction\":[{\"@type\":\"SearchAction\",\"target\":{\"@type\":\"EntryPoint\",\"urlTemplate\":\"https:\\\/\\\/premiumpropertybenahavis.com\\\/es\\\/?s={search_term_string}\"},\"query-input\":{\"@type\":\"PropertyValueSpecification\",\"valueRequired\":true,\"valueName\":\"search_term_string\"}}],\"inLanguage\":\"es\"}]}<\/script>\n<!-- \/ Yoast SEO plugin. -->","yoast_head_json":{"title":"Contacto | Expertos Inmobiliarios en Propiedades de Lujo en Benahav\u00eds","description":"\u00bfInteresado en propiedades de lujo en Benahav\u00eds? Contacte con nuestros expertos. Estamos aqu\u00ed para ayudarle a encontrar la propiedad perfecta que se ajuste a su estilo de vida.","robots":{"index":"index","follow":"follow","max-snippet":"max-snippet:-1","max-image-preview":"max-image-preview:large","max-video-preview":"max-video-preview:-1"},"canonical":"https:\/\/premiumpropertybenahavis.com\/es\/contacto\/","og_locale":"es_ES","og_type":"article","og_title":"Contacto | Expertos Inmobiliarios en Propiedades de Lujo en Benahav\u00eds","og_description":"\u00bfInteresado en propiedades de lujo en Benahav\u00eds? Contacte con nuestros expertos. Estamos aqu\u00ed para ayudarle a encontrar la propiedad perfecta que se ajuste a su estilo de vida.","og_url":"https:\/\/premiumpropertybenahavis.com\/es\/contacto\/","og_site_name":"Premium Properties Benahav\u00eds","article_modified_time":"2024-03-07T13:50:02+00:00","og_image":[{"width":611,"height":191,"url":"https:\/\/premiumpropertybenahavis.com\/wp-content\/uploads\/2022\/03\/logo-footer-retina.png","type":"image\/png"}],"twitter_card":"summary_large_image","twitter_misc":{"Tiempo de lectura":"1 minuto"},"schema":{"@context":"https:\/\/schema.org","@graph":[{"@type":"WebPage","@id":"https:\/\/premiumpropertybenahavis.com\/es\/contacto\/","url":"https:\/\/premiumpropertybenahavis.com\/es\/contacto\/","name":"Contacto | Expertos Inmobiliarios en Propiedades de Lujo en Benahav\u00eds","isPartOf":{"@id":"https:\/\/premiumpropertybenahavis.com\/es\/#website"},"primaryImageOfPage":{"@id":"https:\/\/premiumpropertybenahavis.com\/es\/contacto\/#primaryimage"},"image":{"@id":"https:\/\/premiumpropertybenahavis.com\/es\/contacto\/#primaryimage"},"thumbnailUrl":"https:\/\/premiumpropertybenahavis.com\/wp-content\/uploads\/2022\/03\/logo-footer-retina.png","datePublished":"2022-03-13T11:38:41+00:00","dateModified":"2024-03-07T13:50:02+00:00","description":"\u00bfInteresado en propiedades de lujo en Benahav\u00eds? Contacte con nuestros expertos. Estamos aqu\u00ed para ayudarle a encontrar la propiedad perfecta que se ajuste a su estilo de vida.","breadcrumb":{"@id":"https:\/\/premiumpropertybenahavis.com\/es\/contacto\/#breadcrumb"},"inLanguage":"es","potentialAction":[{"@type":"ReadAction","target":["https:\/\/premiumpropertybenahavis.com\/es\/contacto\/"]}]},{"@type":"ImageObject","inLanguage":"es","@id":"https:\/\/premiumpropertybenahavis.com\/es\/contacto\/#primaryimage","url":"https:\/\/premiumpropertybenahavis.com\/wp-content\/uploads\/2022\/03\/logo-footer-retina.png","contentUrl":"https:\/\/premiumpropertybenahavis.com\/wp-content\/uploads\/2022\/03\/logo-footer-retina.png","width":611,"height":191,"caption":"Premium Property Benahavis"},{"@type":"BreadcrumbList","@id":"https:\/\/premiumpropertybenahavis.com\/es\/contacto\/#breadcrumb","itemListElement":[{"@type":"ListItem","position":1,"name":"Home","item":"https:\/\/premiumpropertybenahavis.com\/es\/"},{"@type":"ListItem","position":2,"name":"Contacto"}]},{"@type":"WebSite","@id":"https:\/\/premiumpropertybenahavis.com\/es\/#website","url":"https:\/\/premiumpropertybenahavis.com\/es\/","name":"Premium Properties Benahav\u00eds","description":"Only the best properties for sale in Benahavis and Marbella. Villas &amp; Mansions in the most exclusive area in Andalusia - southern Spain","potentialAction":[{"@type":"SearchAction","target":{"@type":"EntryPoint","urlTemplate":"https:\/\/premiumpropertybenahavis.com\/es\/?s={search_term_string}"},"query-input":{"@type":"PropertyValueSpecification","valueRequired":true,"valueName":"search_term_string"}}],"inLanguage":"es"}]}},"uagb_featured_image_src":{"full":["https:\/\/premiumpropertybenahavis.com\/wp-content\/uploads\/2022\/03\/logo-footer-retina.png",611,191,false],"thumbnail":["https:\/\/premiumpropertybenahavis.com\/wp-content\/uploads\/2022\/03\/logo-footer-retina-300x191.png",300,191,true],"medium":["https:\/\/premiumpropertybenahavis.com\/wp-content\/uploads\/2022\/03\/logo-footer-retina.png",611,191,false],"medium_large":["https:\/\/premiumpropertybenahavis.com\/wp-content\/uploads\/2022\/03\/logo-footer-retina.png",611,191,false],"large":["https:\/\/premiumpropertybenahavis.com\/wp-content\/uploads\/2022\/03\/logo-footer-retina.png",611,191,false],"1536x1536":["https:\/\/premiumpropertybenahavis.com\/wp-content\/uploads\/2022\/03\/logo-footer-retina.png",611,191,false],"2048x2048":["https:\/\/premiumpropertybenahavis.com\/wp-content\/uploads\/2022\/03\/logo-footer-retina.png",611,191,false],"big-size":["https:\/\/premiumpropertybenahavis.com\/wp-content\/uploads\/2022\/03\/logo-footer-retina.png",611,191,false]},"uagb_author_info":{"display_name":"pr3mpr0p@ben4","author_link":"https:\/\/premiumpropertybenahavis.com\/es\/author\/pr3mpr0pben4\/"},"uagb_comment_info":0,"uagb_excerpt":null,"_links":{"self":[{"href":"https:\/\/premiumpropertybenahavis.com\/es\/wp-json\/wp\/v2\/pages\/757","targetHints":{"allow":["GET"]}}],"collection":[{"href":"https:\/\/premiumpropertybenahavis.com\/es\/wp-json\/wp\/v2\/pages"}],"about":[{"href":"https:\/\/premiumpropertybenahavis.com\/es\/wp-json\/wp\/v2\/types\/page"}],"author":[{"embeddable":true,"href":"https:\/\/premiumpropertybenahavis.com\/es\/wp-json\/wp\/v2\/users\/1"}],"replies":[{"embeddable":true,"href":"https:\/\/premiumpropertybenahavis.com\/es\/wp-json\/wp\/v2\/comments?post=757"}],"version-history":[{"count":5,"href":"https:\/\/premiumpropertybenahavis.com\/es\/wp-json\/wp\/v2\/pages\/757\/revisions"}],"predecessor-version":[{"id":1977,"href":"https:\/\/premiumpropertybenahavis.com\/es\/wp-json\/wp\/v2\/pages\/757\/revisions\/1977"}],"wp:featuredmedia":[{"embeddable":true,"href":"https:\/\/premiumpropertybenahavis.com\/es\/wp-json\/wp\/v2\/media\/702"}],"wp:attachment":[{"href":"https:\/\/premiumpropertybenahavis.com\/es\/wp-json\/wp\/v2\/media?parent=757"}],"curies":[{"name":"wp","href":"https:\/\/api.w.org\/{rel}","templated":true}]}}