{"id":785,"date":"2022-03-13T11:38:07","date_gmt":"2022-03-13T11:38:07","guid":{"rendered":"https:\/\/premiumpropertybenahavis.com\/about-us\/"},"modified":"2024-02-21T16:07:02","modified_gmt":"2024-02-21T16:07:02","slug":"sobre-nosotros","status":"publish","type":"page","link":"https:\/\/premiumpropertybenahavis.com\/es\/sobre-nosotros\/","title":{"rendered":"SOBRE NOSOTROS"},"content":{"rendered":"\n<section class=\"wp-block-uagb-section uagb-section__wrap uagb-section__background-image uagb-block-3f22fe0c\"><div class=\"uagb-section__overlay\"><\/div><div class=\"uagb-section__inner-wrap\">\n<section class=\"wp-block-uagb-columns uagb-columns__wrap uagb-columns__stack-mobile uagb-columns__valign- uagb-columns__gap-10 align uagb-block-1ea691f7 uagb-columns__columns-1 uagb-columns__max_width-custom\"><div class=\"uagb-columns__overlay\"><\/div><div class=\"uagb-columns__inner-wrap uagb-columns__columns-1\">\n<div class=\"wp-block-uagb-column uagb-column__wrap uagb-column__background-undefined uagb-block-e240062b\"><div class=\"uagb-column__overlay\"><\/div>\n<h2 class=\"wp-block-heading has-text-align-center has-white-color has-text-color\" style=\"font-size:56px;line-height:1.6\"><span class=\"red-underline\">Expertos inmobiliarios de confianza<\/span><\/h2>\n\n\n\n<div style=\"height:120px\" aria-hidden=\"true\" class=\"wp-block-spacer\"><\/div>\n\n\n\n<h2 class=\"wp-block-heading has-text-align-center has-white-color has-text-color\" style=\"font-size:28px;line-height:2\">Premium Property es el especialista en viviendas de lujo en Benahav\u00eds y Marbella, gestionando villas y mansiones \u00fanicas que se enmarcan en las zonas m\u00e1s exclusivas de la Costa del Sol: La Zagaleta, Marbella Club, Milla de Oro\u2026<\/h2>\n<\/div>\n<\/div><\/section>\n<\/div><\/section>\n\n\n\n<section class=\"wp-block-uagb-section uagb-section__wrap uagb-section__background-undefined uagb-block-9d3dff67\"><div class=\"uagb-section__overlay\"><\/div><div class=\"uagb-section__inner-wrap\">\n<section class=\"wp-block-uagb-columns uagb-columns__wrap uagb-columns__stack-mobile uagb-columns__valign- uagb-columns__gap-0 align uagb-block-ad9fffe6 uagb-columns__columns-2 uagb-columns__max_width-custom\"><div class=\"uagb-columns__overlay\"><\/div><div class=\"uagb-columns__inner-wrap uagb-columns__columns-2\">\n<div class=\"wp-block-uagb-column uagb-column__wrap uagb-column__background-none uagb-block-fd92cd36\"><div class=\"uagb-column__overlay\"><\/div>\n<div class=\"wp-block-uagb-section uagb-section__wrap uagb-section__background-none uagb-block-81a637f6\"><div class=\"uagb-section__overlay\"><\/div><div class=\"uagb-section__inner-wrap\">\n<figure class=\"wp-block-image size-full\"><img loading=\"lazy\" decoding=\"async\" width=\"625\" height=\"777\" src=\"https:\/\/premiumpropertybenahavis.com\/wp-content\/uploads\/2022\/04\/scott-marshall-portrait.jpg\" alt=\"\" class=\"wp-image-373\"\/><\/figure>\n<\/div><\/div>\n<\/div>\n\n\n\n<div class=\"wp-block-uagb-column uagb-column__wrap uagb-column__background-undefined uagb-block-ecc16a52\"><div class=\"uagb-column__overlay\"><\/div>\n<figure class=\"wp-block-image size-full\"><img loading=\"lazy\" decoding=\"async\" width=\"371\" height=\"50\" src=\"https:\/\/premiumpropertybenahavis.com\/wp-content\/uploads\/2022\/04\/signature-scott.png\" alt=\"\" class=\"wp-image-418\"\/><\/figure>\n\n\n\n<h2 class=\"wp-block-heading mb-5 has-white-color has-text-color\">Scott Marshall | Owner<\/h2>\n\n\n\n<p><\/p>\n\n\n\n<p><\/p>\n\n\n\n<p>Scott Marshall es la perfecta representaci\u00f3n de lo que simboliza en el pueblo de <strong>Benahav\u00eds<\/strong>, de ascendencia brit\u00e1nica y nacido en el mismo pueblo, resume el aspecto m\u00e1s cosmopolita de un pueblo andaluz tradicional, en el que se re\u00fane una gran diversidad de nacionalidades procedentes de todo el mundo. <\/p>\n\n\n\n<p>Cerca de <strong>25 a\u00f1os de experiencia en el sector inmobiliario<\/strong> le avalan como un perfil conocedor de la zona y todo lo que tiene que ofrecer a todo aquel que se interese por formar parte de esta comunidad. <\/p>\n\n\n\n<p>Alrededor de la compra\/venta de tres mil viviendas consolidan su recorrido en el mundo de bienes inmobiliarios, junto a su pasada experiencia como director de una empresa pionera en el sector inmobiliario ingl\u00e9s durante una d\u00e9cada, definen a Scott como el <strong>perfil m\u00e1s experto de Benahav\u00eds y sus alrededores<\/strong>.<\/p>\n<\/div>\n<\/div><\/section>\n<\/div><\/section>\n\n\n\n<section class=\"wp-block-uagb-section uagb-section__wrap uagb-section__background-undefined uagb-block-b5d5f8a1\"><div class=\"uagb-section__overlay\"><\/div><div class=\"uagb-section__inner-wrap\">\n<h1 class=\"wp-block-heading vline-one\">La empresa<\/h1>\n\n\n\n<section class=\"wp-block-uagb-columns uagb-columns__wrap uagb-columns__stack-mobile uagb-columns__valign- uagb-columns__gap-0 align uagb-block-073ab147 uagb-columns__columns-2 uagb-columns__max_width-theme\"><div class=\"uagb-columns__overlay\"><\/div><div class=\"uagb-columns__inner-wrap uagb-columns__columns-2\">\n<div class=\"wp-block-uagb-column uagb-column__wrap uagb-column__background-undefined uagb-block-539633ae\"><div class=\"uagb-column__overlay\"><\/div>\n<p>Fundada recientemente por Scott Marshall, <strong>Premium Property<\/strong> va un paso m\u00e1s all\u00e1 de la actividad desarrollada por Properties Spain desde 2008, y ofrece la experiencia de poner a la venta o comprar una propiedad con la <strong>privacidad<\/strong> como premisa. <\/p>\n\n\n\n<p>Cuenta con la trayectoria de su fundador Scott Marshall, con cerca de <strong>25 a\u00f1os en el sector inmobiliario<\/strong>, y concretamente con la experiencia consolidada de Properties Spain en el t\u00e9rmino del pueblo de <strong>Benahav\u00eds<\/strong> y sus alrededores. <\/p>\n\n\n\n<p>Su objetivo es el de elevar la experiencia de adquirir una vivienda con un <strong>asesoramiento personalizado y adaptado<\/strong>, junto a la experiencia de su fundador, originario de Benahav\u00eds y gran conocedor del \u00e1rea. <\/p>\n<\/div>\n\n\n\n<div class=\"wp-block-uagb-column uagb-column__wrap uagb-column__background-undefined uagb-block-4df3b3b3\"><div class=\"uagb-column__overlay\"><\/div>\n<p>La <strong>exclusividad<\/strong> es el aspecto m\u00e1s destacado de colaborar con <strong>Premium Property<\/strong>, cada proyecto es \u00fanico, y el marco incomparable de Benahav\u00eds proporciona una amplia gama de las villas m\u00e1s exclusivas de la <strong>Costa del Sol<\/strong>, abarcando \u00e1reas como la Milla de Oro, Puerto Ban\u00fas, La Zagaleta, y muchas m\u00e1s. <\/p>\n\n\n\n<p>Todo ello sin renunciar a los atractivos que ofrece tanto el pueblo mismo de <strong>Benahav\u00eds<\/strong>, como sus alrededores, de los que podemos destacar <strong>Marbella<\/strong> y su glamour, o <strong>Estepona<\/strong>, considerada el jard\u00edn de <strong>Andaluc\u00eda<\/strong>.<\/p>\n<\/div>\n<\/div><\/section>\n<\/div><\/section>\n\n\n","protected":false},"excerpt":{"rendered":"","protected":false},"author":1,"featured_media":0,"parent":0,"menu_order":0,"comment_status":"closed","ping_status":"closed","template":"","meta":{"_uag_custom_page_level_css":"","footnotes":""},"class_list":["post-785","page","type-page","status-publish","hentry"],"yoast_head":"<!-- This site is optimized with the Yoast SEO plugin v27.4 - https:\/\/yoast.com\/product\/yoast-seo-wordpress\/ -->\n<title>Expertos en Bienes Ra\u00edces en Benahav\u00eds | Premium Properties Benahav\u00eds<\/title>\n<meta name=\"description\" content=\"Conozca nuestra agencia inmobiliaria de lujo en Benahav\u00eds y descubra por qu\u00e9 somos la elecci\u00f3n preferida por nuestros clientes para comprar propiedades exclusivas.\" \/>\n<meta name=\"robots\" content=\"index, follow, max-snippet:-1, max-image-preview:large, max-video-preview:-1\" \/>\n<link rel=\"canonical\" href=\"https:\/\/premiumpropertybenahavis.com\/es\/sobre-nosotros\/\" \/>\n<meta property=\"og:locale\" content=\"es_ES\" \/>\n<meta property=\"og:type\" content=\"article\" \/>\n<meta property=\"og:title\" content=\"Expertos en Bienes Ra\u00edces en Benahav\u00eds | Premium Properties Benahav\u00eds\" \/>\n<meta property=\"og:description\" content=\"Conozca nuestra agencia inmobiliaria de lujo en Benahav\u00eds y descubra por qu\u00e9 somos la elecci\u00f3n preferida por nuestros clientes para comprar propiedades exclusivas.\" \/>\n<meta property=\"og:url\" content=\"https:\/\/premiumpropertybenahavis.com\/es\/sobre-nosotros\/\" \/>\n<meta property=\"og:site_name\" content=\"Premium Properties Benahav\u00eds\" \/>\n<meta property=\"article:modified_time\" content=\"2024-02-21T16:07:02+00:00\" \/>\n<meta property=\"og:image\" content=\"https:\/\/premiumpropertybenahavis.com\/wp-content\/uploads\/2022\/04\/scott-marshall-portrait.jpg\" \/>\n<meta name=\"twitter:card\" content=\"summary_large_image\" \/>\n<meta name=\"twitter:label1\" content=\"Tiempo de lectura\" \/>\n\t<meta name=\"twitter:data1\" content=\"5 minutos\" \/>\n<script type=\"application\/ld+json\" class=\"yoast-schema-graph\">{\"@context\":\"https:\\\/\\\/schema.org\",\"@graph\":[{\"@type\":\"WebPage\",\"@id\":\"https:\\\/\\\/premiumpropertybenahavis.com\\\/es\\\/sobre-nosotros\\\/\",\"url\":\"https:\\\/\\\/premiumpropertybenahavis.com\\\/es\\\/sobre-nosotros\\\/\",\"name\":\"Expertos en Bienes Ra\u00edces en Benahav\u00eds | Premium Properties Benahav\u00eds\",\"isPartOf\":{\"@id\":\"https:\\\/\\\/premiumpropertybenahavis.com\\\/es\\\/#website\"},\"primaryImageOfPage\":{\"@id\":\"https:\\\/\\\/premiumpropertybenahavis.com\\\/es\\\/sobre-nosotros\\\/#primaryimage\"},\"image\":{\"@id\":\"https:\\\/\\\/premiumpropertybenahavis.com\\\/es\\\/sobre-nosotros\\\/#primaryimage\"},\"thumbnailUrl\":\"https:\\\/\\\/premiumpropertybenahavis.com\\\/wp-content\\\/uploads\\\/2022\\\/04\\\/scott-marshall-portrait.jpg\",\"datePublished\":\"2022-03-13T11:38:07+00:00\",\"dateModified\":\"2024-02-21T16:07:02+00:00\",\"description\":\"Conozca nuestra agencia inmobiliaria de lujo en Benahav\u00eds y descubra por qu\u00e9 somos la elecci\u00f3n preferida por nuestros clientes para comprar propiedades exclusivas.\",\"breadcrumb\":{\"@id\":\"https:\\\/\\\/premiumpropertybenahavis.com\\\/es\\\/sobre-nosotros\\\/#breadcrumb\"},\"inLanguage\":\"es\",\"potentialAction\":[{\"@type\":\"ReadAction\",\"target\":[\"https:\\\/\\\/premiumpropertybenahavis.com\\\/es\\\/sobre-nosotros\\\/\"]}]},{\"@type\":\"ImageObject\",\"inLanguage\":\"es\",\"@id\":\"https:\\\/\\\/premiumpropertybenahavis.com\\\/es\\\/sobre-nosotros\\\/#primaryimage\",\"url\":\"https:\\\/\\\/premiumpropertybenahavis.com\\\/wp-content\\\/uploads\\\/2022\\\/04\\\/scott-marshall-portrait.jpg\",\"contentUrl\":\"https:\\\/\\\/premiumpropertybenahavis.com\\\/wp-content\\\/uploads\\\/2022\\\/04\\\/scott-marshall-portrait.jpg\"},{\"@type\":\"BreadcrumbList\",\"@id\":\"https:\\\/\\\/premiumpropertybenahavis.com\\\/es\\\/sobre-nosotros\\\/#breadcrumb\",\"itemListElement\":[{\"@type\":\"ListItem\",\"position\":1,\"name\":\"Home\",\"item\":\"https:\\\/\\\/premiumpropertybenahavis.com\\\/es\\\/\"},{\"@type\":\"ListItem\",\"position\":2,\"name\":\"SOBRE NOSOTROS\"}]},{\"@type\":\"WebSite\",\"@id\":\"https:\\\/\\\/premiumpropertybenahavis.com\\\/es\\\/#website\",\"url\":\"https:\\\/\\\/premiumpropertybenahavis.com\\\/es\\\/\",\"name\":\"Premium Properties Benahav\u00eds\",\"description\":\"Only the best properties for sale in Benahavis and Marbella. Villas &amp; Mansions in the most exclusive area in Andalusia - southern Spain\",\"potentialAction\":[{\"@type\":\"SearchAction\",\"target\":{\"@type\":\"EntryPoint\",\"urlTemplate\":\"https:\\\/\\\/premiumpropertybenahavis.com\\\/es\\\/?s={search_term_string}\"},\"query-input\":{\"@type\":\"PropertyValueSpecification\",\"valueRequired\":true,\"valueName\":\"search_term_string\"}}],\"inLanguage\":\"es\"}]}<\/script>\n<!-- \/ Yoast SEO plugin. -->","yoast_head_json":{"title":"Expertos en Bienes Ra\u00edces en Benahav\u00eds | Premium Properties Benahav\u00eds","description":"Conozca nuestra agencia inmobiliaria de lujo en Benahav\u00eds y descubra por qu\u00e9 somos la elecci\u00f3n preferida por nuestros clientes para comprar propiedades exclusivas.","robots":{"index":"index","follow":"follow","max-snippet":"max-snippet:-1","max-image-preview":"max-image-preview:large","max-video-preview":"max-video-preview:-1"},"canonical":"https:\/\/premiumpropertybenahavis.com\/es\/sobre-nosotros\/","og_locale":"es_ES","og_type":"article","og_title":"Expertos en Bienes Ra\u00edces en Benahav\u00eds | Premium Properties Benahav\u00eds","og_description":"Conozca nuestra agencia inmobiliaria de lujo en Benahav\u00eds y descubra por qu\u00e9 somos la elecci\u00f3n preferida por nuestros clientes para comprar propiedades exclusivas.","og_url":"https:\/\/premiumpropertybenahavis.com\/es\/sobre-nosotros\/","og_site_name":"Premium Properties Benahav\u00eds","article_modified_time":"2024-02-21T16:07:02+00:00","og_image":[{"url":"https:\/\/premiumpropertybenahavis.com\/wp-content\/uploads\/2022\/04\/scott-marshall-portrait.jpg","type":"","width":"","height":""}],"twitter_card":"summary_large_image","twitter_misc":{"Tiempo de lectura":"5 minutos"},"schema":{"@context":"https:\/\/schema.org","@graph":[{"@type":"WebPage","@id":"https:\/\/premiumpropertybenahavis.com\/es\/sobre-nosotros\/","url":"https:\/\/premiumpropertybenahavis.com\/es\/sobre-nosotros\/","name":"Expertos en Bienes Ra\u00edces en Benahav\u00eds | Premium Properties Benahav\u00eds","isPartOf":{"@id":"https:\/\/premiumpropertybenahavis.com\/es\/#website"},"primaryImageOfPage":{"@id":"https:\/\/premiumpropertybenahavis.com\/es\/sobre-nosotros\/#primaryimage"},"image":{"@id":"https:\/\/premiumpropertybenahavis.com\/es\/sobre-nosotros\/#primaryimage"},"thumbnailUrl":"https:\/\/premiumpropertybenahavis.com\/wp-content\/uploads\/2022\/04\/scott-marshall-portrait.jpg","datePublished":"2022-03-13T11:38:07+00:00","dateModified":"2024-02-21T16:07:02+00:00","description":"Conozca nuestra agencia inmobiliaria de lujo en Benahav\u00eds y descubra por qu\u00e9 somos la elecci\u00f3n preferida por nuestros clientes para comprar propiedades exclusivas.","breadcrumb":{"@id":"https:\/\/premiumpropertybenahavis.com\/es\/sobre-nosotros\/#breadcrumb"},"inLanguage":"es","potentialAction":[{"@type":"ReadAction","target":["https:\/\/premiumpropertybenahavis.com\/es\/sobre-nosotros\/"]}]},{"@type":"ImageObject","inLanguage":"es","@id":"https:\/\/premiumpropertybenahavis.com\/es\/sobre-nosotros\/#primaryimage","url":"https:\/\/premiumpropertybenahavis.com\/wp-content\/uploads\/2022\/04\/scott-marshall-portrait.jpg","contentUrl":"https:\/\/premiumpropertybenahavis.com\/wp-content\/uploads\/2022\/04\/scott-marshall-portrait.jpg"},{"@type":"BreadcrumbList","@id":"https:\/\/premiumpropertybenahavis.com\/es\/sobre-nosotros\/#breadcrumb","itemListElement":[{"@type":"ListItem","position":1,"name":"Home","item":"https:\/\/premiumpropertybenahavis.com\/es\/"},{"@type":"ListItem","position":2,"name":"SOBRE NOSOTROS"}]},{"@type":"WebSite","@id":"https:\/\/premiumpropertybenahavis.com\/es\/#website","url":"https:\/\/premiumpropertybenahavis.com\/es\/","name":"Premium Properties Benahav\u00eds","description":"Only the best properties for sale in Benahavis and Marbella. Villas &amp; Mansions in the most exclusive area in Andalusia - southern Spain","potentialAction":[{"@type":"SearchAction","target":{"@type":"EntryPoint","urlTemplate":"https:\/\/premiumpropertybenahavis.com\/es\/?s={search_term_string}"},"query-input":{"@type":"PropertyValueSpecification","valueRequired":true,"valueName":"search_term_string"}}],"inLanguage":"es"}]}},"uagb_featured_image_src":{"full":false,"thumbnail":false,"medium":false,"medium_large":false,"large":false,"1536x1536":false,"2048x2048":false,"big-size":false},"uagb_author_info":{"display_name":"pr3mpr0p@ben4","author_link":"https:\/\/premiumpropertybenahavis.com\/es\/author\/pr3mpr0pben4\/"},"uagb_comment_info":0,"uagb_excerpt":null,"_links":{"self":[{"href":"https:\/\/premiumpropertybenahavis.com\/es\/wp-json\/wp\/v2\/pages\/785","targetHints":{"allow":["GET"]}}],"collection":[{"href":"https:\/\/premiumpropertybenahavis.com\/es\/wp-json\/wp\/v2\/pages"}],"about":[{"href":"https:\/\/premiumpropertybenahavis.com\/es\/wp-json\/wp\/v2\/types\/page"}],"author":[{"embeddable":true,"href":"https:\/\/premiumpropertybenahavis.com\/es\/wp-json\/wp\/v2\/users\/1"}],"replies":[{"embeddable":true,"href":"https:\/\/premiumpropertybenahavis.com\/es\/wp-json\/wp\/v2\/comments?post=785"}],"version-history":[{"count":9,"href":"https:\/\/premiumpropertybenahavis.com\/es\/wp-json\/wp\/v2\/pages\/785\/revisions"}],"predecessor-version":[{"id":1867,"href":"https:\/\/premiumpropertybenahavis.com\/es\/wp-json\/wp\/v2\/pages\/785\/revisions\/1867"}],"wp:attachment":[{"href":"https:\/\/premiumpropertybenahavis.com\/es\/wp-json\/wp\/v2\/media?parent=785"}],"curies":[{"name":"wp","href":"https:\/\/api.w.org\/{rel}","templated":true}]}}