{"id":838,"date":"2022-03-31T10:01:29","date_gmt":"2022-03-31T10:01:29","guid":{"rendered":"https:\/\/premiumpropertybenahavis.com\/private-listings\/"},"modified":"2024-02-21T16:08:46","modified_gmt":"2024-02-21T16:08:46","slug":"catalogo-exclusivo","status":"publish","type":"page","link":"https:\/\/premiumpropertybenahavis.com\/es\/catalogo-exclusivo\/","title":{"rendered":"Cat\u00e1logo exclusivo"},"content":{"rendered":"\n<section class=\"wp-block-uagb-section uagb-section__wrap uagb-section__background-image uagb-block-542245dc\"><div class=\"uagb-section__overlay\"><\/div><div class=\"uagb-section__inner-wrap\">\n<h2 class=\"wp-block-heading has-text-align-center has-white-color has-text-color\" style=\"font-size:56px;line-height:1.6\">Cat\u00e1logo exclusivo<\/h2>\n\n\n\n<div style=\"height:110px\" aria-hidden=\"true\" class=\"wp-block-spacer\"><\/div>\n\n\n\n<h2 class=\"wp-block-heading has-text-align-center has-white-color has-text-color\" style=\"font-size:28px;line-height:1.7\">Joyas ocultas que no se revelan debido a los requisitos de privacidad <br>de los propietarios y compradores.<\/h2>\n\n\n\n<div style=\"height:40px\" aria-hidden=\"true\" class=\"wp-block-spacer\"><\/div>\n\n\n\n<h2 class=\"wp-block-heading has-text-align-center has-white-color has-text-color\" style=\"font-size:28px;line-height:1.7\">Nuestro alto conocimiento del mercado inmobiliario en Benahav\u00eds y Marbella <br>te da acceso a propiedades en venta que no figuran en nuestras ofertas, porque<br><u>garantizamos tu privacidad y seguridad.<\/u><\/h2>\n<\/div><\/section>\n\n\n\n<section class=\"wp-block-uagb-section uagb-section__wrap uagb-section__background-undefined uagb-block-15092145\"><div class=\"uagb-section__overlay\"><\/div><div class=\"uagb-section__inner-wrap\">\n<div class=\"wp-block-contact-form-7-contact-form-selector\">\n<div class=\"wpcf7 no-js\" id=\"wpcf7-f852-o1\" lang=\"es-ES\" dir=\"ltr\" data-wpcf7-id=\"852\">\n<div class=\"screen-reader-response\"><p role=\"status\" aria-live=\"polite\" aria-atomic=\"true\"><\/p> <ul><\/ul><\/div>\n<form action=\"\/es\/wp-json\/wp\/v2\/pages\/838#wpcf7-f852-o1\" method=\"post\" class=\"wpcf7-form init\" aria-label=\"Formulario de contacto\" novalidate=\"novalidate\" data-status=\"init\">\n<fieldset class=\"hidden-fields-container\"><input type=\"hidden\" name=\"_wpcf7\" value=\"852\" \/><input type=\"hidden\" name=\"_wpcf7_version\" value=\"6.1.5\" \/><input type=\"hidden\" name=\"_wpcf7_locale\" value=\"es_ES\" \/><input type=\"hidden\" name=\"_wpcf7_unit_tag\" value=\"wpcf7-f852-o1\" \/><input type=\"hidden\" name=\"_wpcf7_container_post\" value=\"0\" \/><input type=\"hidden\" name=\"_wpcf7_posted_data_hash\" value=\"\" \/><input type=\"hidden\" name=\"_wpcf7_recaptcha_response\" value=\"\" \/>\n<\/fieldset>\n<div class=\"row\">\n\t<div class=\"col-md-6 pb-3\">\n\t\t<p><label> Nombre*<br \/>\n<span class=\"wpcf7-form-control-wrap\" data-name=\"your-name\"><input size=\"40\" maxlength=\"400\" class=\"wpcf7-form-control wpcf7-text wpcf7-validates-as-required form-control\" aria-required=\"true\" aria-invalid=\"false\" value=\"\" type=\"text\" name=\"your-name\" \/><\/span> <\/label>\n\t\t<\/p>\n\t<\/div>\n\t<div class=\"col-md-6 pb-3\">\n\t\t<p><label> Email*<br \/>\n<span class=\"wpcf7-form-control-wrap\" data-name=\"your-email\"><input size=\"40\" maxlength=\"400\" class=\"wpcf7-form-control wpcf7-email wpcf7-validates-as-required wpcf7-text wpcf7-validates-as-email form-control\" aria-required=\"true\" aria-invalid=\"false\" value=\"\" type=\"email\" name=\"your-email\" \/><\/span> <\/label>\n\t\t<\/p>\n\t<\/div>\n\t<div class=\"col-md-3 pb-3 pt-3\" class:form-control>\n\t\t<p><label> Tel\u00e9fono:<br \/>\n<span class=\"wpcf7-form-control-wrap\" data-name=\"tel-380\"><input size=\"40\" maxlength=\"400\" class=\"wpcf7-form-control wpcf7-tel wpcf7-text wpcf7-validates-as-tel form-control\" aria-invalid=\"false\" value=\"\" type=\"tel\" name=\"tel-380\" \/><\/span> <\/label>\n\t\t<\/p>\n\t<\/div>\n\t<div class=\"col-md-3 pb-3 pt-3\">\n\t\t<p><label> C\u00f3digo pa\u00eds:<br \/>\n<span class=\"wpcf7-form-control-wrap\" data-name=\"countrytext-287\"><input size=\"40\" class=\"wpcf7-form-control wpcf7-countrytext wpcf7-text wpcf7-validates-as-countrytext form-select\" aria-invalid=\"false\" value=\"\" type=\"text\" name=\"countrytext-287\" \/><\/span> <\/label>\n\t\t<\/p>\n\t<\/div>\n\t<div class=\"col-md-6 pb-3 pt-3\">\n\t\t<p><label> Dinos cu\u00e1ndo es el mejor momento para contactarte:<br \/>\n<span class=\"wpcf7-form-control-wrap\" data-name=\"contact-time\"><input size=\"40\" maxlength=\"400\" class=\"wpcf7-form-control wpcf7-text form-control\" aria-invalid=\"false\" value=\"\" type=\"text\" name=\"contact-time\" \/><\/span> <\/label>\n\t\t<\/p>\n\t<\/div>\n\t<div class=\"col-md-12 pb-3 pt-3\">\n\t\t<p><label> Escribe aqu\u00ed tus comentarios y sugerencias<br \/>\n<span class=\"wpcf7-form-control-wrap\" data-name=\"your-message\"><textarea cols=\"40\" rows=\"10\" maxlength=\"2000\" class=\"wpcf7-form-control wpcf7-textarea form-control\" aria-invalid=\"false\" name=\"your-message\"><\/textarea><\/span> <\/label>\n\t\t<\/p>\n\t<\/div>\n\t<div class=\"col-12 pb-3 pt-3\">\n\t<hr \/>\n\t<\/div>\n\t<div class=\"col-md-12 pb-3\">\n\t\t<p><label> <span class=\"wpcf7-form-control-wrap\" data-name=\"acceptance-legal\"><span class=\"wpcf7-form-control wpcf7-acceptance\"><span class=\"wpcf7-list-item\"><label><input type=\"checkbox\" name=\"acceptance-legal\" value=\"1\" aria-invalid=\"false\" \/><span class=\"wpcf7-list-item-label\">He le\u00eddo y acepto la <a href=\"\/es\/politica-privacidad\/\" target=\"_blank\">pol\u00edtica de privacidad<\/a> de esta web. *<\/span><\/label><\/span><\/span><\/span><\/label>\n\t\t<\/p>\n\t<\/div>\n\t<div class=\"col-md-12 pb-4 pt-2\">\n\t\t<p><label> <span class=\"wpcf7-form-control-wrap\" data-name=\"acceptance-com\"><span class=\"wpcf7-form-control wpcf7-acceptance optional\"><span class=\"wpcf7-list-item\"><label><input type=\"checkbox\" name=\"acceptance-com\" value=\"1\" aria-invalid=\"false\" \/><span class=\"wpcf7-list-item-label\">Autorizo el env\u00edo de comunicaciones comerciales. Puedes encontrar m\u00e1s informaci\u00f3n en el <a href=\"\/es\/terminos-y-condiciones\/\" target=\"_blank\">Aviso Legal<\/a>.<\/span><\/label><\/span><\/span><\/span><\/label>\n\t\t<\/p>\n\t<\/div>\n\t<div class=\"col-md-12 pt-3\">\n\t\t<p><input class=\"wpcf7-form-control wpcf7-submit has-spinner btn btn-primary\" type=\"submit\" value=\"CONTACTAR AGENTE\" \/><br \/>\n<small>* Campos obligatorios para activar el bot\u00f3n.<\/small>\n\t\t<\/p>\n\t<\/div>\n<\/div><div class=\"wpcf7-response-output\" aria-hidden=\"true\"><\/div>\n<\/form>\n<\/div>\n<\/div>\n<\/div><\/section>\n\n\n\n<section class=\"wp-block-uagb-section uagb-section__wrap uagb-section__background-undefined uagb-block-13315b5f\"><div class=\"uagb-section__overlay\"><\/div><div class=\"uagb-section__inner-wrap\"><\/div><\/section>\n\n\n","protected":false},"excerpt":{"rendered":"","protected":false},"author":1,"featured_media":994,"parent":0,"menu_order":0,"comment_status":"closed","ping_status":"closed","template":"","meta":{"_uag_custom_page_level_css":"","footnotes":""},"class_list":["post-838","page","type-page","status-publish","has-post-thumbnail","hentry"],"yoast_head":"<!-- This site is optimized with the Yoast SEO plugin v27.4 - https:\/\/yoast.com\/product\/yoast-seo-wordpress\/ -->\n<title>Cat\u00e1logo Exclusivo Propiedades de lujo | Premium Properties Benahav\u00eds<\/title>\n<meta name=\"description\" content=\"Descubra las exclusivas propiedades ocultas por motivos de privacidad. Encuentra la elegancia y el lujo que merece de la mano de nuestros expertos inmobiliarios.\" \/>\n<meta name=\"robots\" content=\"index, follow, max-snippet:-1, max-image-preview:large, max-video-preview:-1\" \/>\n<link rel=\"canonical\" href=\"https:\/\/premiumpropertybenahavis.com\/es\/catalogo-exclusivo\/\" \/>\n<meta property=\"og:locale\" content=\"es_ES\" \/>\n<meta property=\"og:type\" content=\"article\" \/>\n<meta property=\"og:title\" content=\"Cat\u00e1logo Exclusivo Propiedades de lujo | Premium Properties Benahav\u00eds\" \/>\n<meta property=\"og:description\" content=\"Descubra las exclusivas propiedades ocultas por motivos de privacidad. Encuentra la elegancia y el lujo que merece de la mano de nuestros expertos inmobiliarios.\" \/>\n<meta property=\"og:url\" content=\"https:\/\/premiumpropertybenahavis.com\/es\/catalogo-exclusivo\/\" \/>\n<meta property=\"og:site_name\" content=\"Premium Properties Benahav\u00eds\" \/>\n<meta property=\"article:modified_time\" content=\"2024-02-21T16:08:46+00:00\" \/>\n<meta property=\"og:image\" content=\"https:\/\/premiumpropertybenahavis.com\/wp-content\/uploads\/2022\/07\/luxury-properties-in-benahavis-marbella.jpg\" \/>\n\t<meta property=\"og:image:width\" content=\"1800\" \/>\n\t<meta property=\"og:image:height\" content=\"785\" \/>\n\t<meta property=\"og:image:type\" content=\"image\/jpeg\" \/>\n<meta name=\"twitter:card\" content=\"summary_large_image\" \/>\n<meta name=\"twitter:label1\" content=\"Tiempo de lectura\" \/>\n\t<meta name=\"twitter:data1\" content=\"1 minuto\" \/>\n<script type=\"application\/ld+json\" class=\"yoast-schema-graph\">{\"@context\":\"https:\\\/\\\/schema.org\",\"@graph\":[{\"@type\":\"WebPage\",\"@id\":\"https:\\\/\\\/premiumpropertybenahavis.com\\\/es\\\/catalogo-exclusivo\\\/\",\"url\":\"https:\\\/\\\/premiumpropertybenahavis.com\\\/es\\\/catalogo-exclusivo\\\/\",\"name\":\"Cat\u00e1logo Exclusivo Propiedades de lujo | Premium Properties Benahav\u00eds\",\"isPartOf\":{\"@id\":\"https:\\\/\\\/premiumpropertybenahavis.com\\\/es\\\/#website\"},\"primaryImageOfPage\":{\"@id\":\"https:\\\/\\\/premiumpropertybenahavis.com\\\/es\\\/catalogo-exclusivo\\\/#primaryimage\"},\"image\":{\"@id\":\"https:\\\/\\\/premiumpropertybenahavis.com\\\/es\\\/catalogo-exclusivo\\\/#primaryimage\"},\"thumbnailUrl\":\"https:\\\/\\\/premiumpropertybenahavis.com\\\/wp-content\\\/uploads\\\/2022\\\/07\\\/luxury-properties-in-benahavis-marbella.jpg\",\"datePublished\":\"2022-03-31T10:01:29+00:00\",\"dateModified\":\"2024-02-21T16:08:46+00:00\",\"description\":\"Descubra las exclusivas propiedades ocultas por motivos de privacidad. Encuentra la elegancia y el lujo que merece de la mano de nuestros expertos inmobiliarios.\",\"breadcrumb\":{\"@id\":\"https:\\\/\\\/premiumpropertybenahavis.com\\\/es\\\/catalogo-exclusivo\\\/#breadcrumb\"},\"inLanguage\":\"es\",\"potentialAction\":[{\"@type\":\"ReadAction\",\"target\":[\"https:\\\/\\\/premiumpropertybenahavis.com\\\/es\\\/catalogo-exclusivo\\\/\"]}]},{\"@type\":\"ImageObject\",\"inLanguage\":\"es\",\"@id\":\"https:\\\/\\\/premiumpropertybenahavis.com\\\/es\\\/catalogo-exclusivo\\\/#primaryimage\",\"url\":\"https:\\\/\\\/premiumpropertybenahavis.com\\\/wp-content\\\/uploads\\\/2022\\\/07\\\/luxury-properties-in-benahavis-marbella.jpg\",\"contentUrl\":\"https:\\\/\\\/premiumpropertybenahavis.com\\\/wp-content\\\/uploads\\\/2022\\\/07\\\/luxury-properties-in-benahavis-marbella.jpg\",\"width\":1800,\"height\":785,\"caption\":\"Luxury properties for sale in Benahavis and Marbella\"},{\"@type\":\"BreadcrumbList\",\"@id\":\"https:\\\/\\\/premiumpropertybenahavis.com\\\/es\\\/catalogo-exclusivo\\\/#breadcrumb\",\"itemListElement\":[{\"@type\":\"ListItem\",\"position\":1,\"name\":\"Home\",\"item\":\"https:\\\/\\\/premiumpropertybenahavis.com\\\/es\\\/\"},{\"@type\":\"ListItem\",\"position\":2,\"name\":\"Cat\u00e1logo exclusivo\"}]},{\"@type\":\"WebSite\",\"@id\":\"https:\\\/\\\/premiumpropertybenahavis.com\\\/es\\\/#website\",\"url\":\"https:\\\/\\\/premiumpropertybenahavis.com\\\/es\\\/\",\"name\":\"Premium Properties Benahav\u00eds\",\"description\":\"Only the best properties for sale in Benahavis and Marbella. Villas &amp; Mansions in the most exclusive area in Andalusia - southern Spain\",\"potentialAction\":[{\"@type\":\"SearchAction\",\"target\":{\"@type\":\"EntryPoint\",\"urlTemplate\":\"https:\\\/\\\/premiumpropertybenahavis.com\\\/es\\\/?s={search_term_string}\"},\"query-input\":{\"@type\":\"PropertyValueSpecification\",\"valueRequired\":true,\"valueName\":\"search_term_string\"}}],\"inLanguage\":\"es\"}]}<\/script>\n<!-- \/ Yoast SEO plugin. -->","yoast_head_json":{"title":"Cat\u00e1logo Exclusivo Propiedades de lujo | Premium Properties Benahav\u00eds","description":"Descubra las exclusivas propiedades ocultas por motivos de privacidad. Encuentra la elegancia y el lujo que merece de la mano de nuestros expertos inmobiliarios.","robots":{"index":"index","follow":"follow","max-snippet":"max-snippet:-1","max-image-preview":"max-image-preview:large","max-video-preview":"max-video-preview:-1"},"canonical":"https:\/\/premiumpropertybenahavis.com\/es\/catalogo-exclusivo\/","og_locale":"es_ES","og_type":"article","og_title":"Cat\u00e1logo Exclusivo Propiedades de lujo | Premium Properties Benahav\u00eds","og_description":"Descubra las exclusivas propiedades ocultas por motivos de privacidad. Encuentra la elegancia y el lujo que merece de la mano de nuestros expertos inmobiliarios.","og_url":"https:\/\/premiumpropertybenahavis.com\/es\/catalogo-exclusivo\/","og_site_name":"Premium Properties Benahav\u00eds","article_modified_time":"2024-02-21T16:08:46+00:00","og_image":[{"width":1800,"height":785,"url":"https:\/\/premiumpropertybenahavis.com\/wp-content\/uploads\/2022\/07\/luxury-properties-in-benahavis-marbella.jpg","type":"image\/jpeg"}],"twitter_card":"summary_large_image","twitter_misc":{"Tiempo de lectura":"1 minuto"},"schema":{"@context":"https:\/\/schema.org","@graph":[{"@type":"WebPage","@id":"https:\/\/premiumpropertybenahavis.com\/es\/catalogo-exclusivo\/","url":"https:\/\/premiumpropertybenahavis.com\/es\/catalogo-exclusivo\/","name":"Cat\u00e1logo Exclusivo Propiedades de lujo | Premium Properties Benahav\u00eds","isPartOf":{"@id":"https:\/\/premiumpropertybenahavis.com\/es\/#website"},"primaryImageOfPage":{"@id":"https:\/\/premiumpropertybenahavis.com\/es\/catalogo-exclusivo\/#primaryimage"},"image":{"@id":"https:\/\/premiumpropertybenahavis.com\/es\/catalogo-exclusivo\/#primaryimage"},"thumbnailUrl":"https:\/\/premiumpropertybenahavis.com\/wp-content\/uploads\/2022\/07\/luxury-properties-in-benahavis-marbella.jpg","datePublished":"2022-03-31T10:01:29+00:00","dateModified":"2024-02-21T16:08:46+00:00","description":"Descubra las exclusivas propiedades ocultas por motivos de privacidad. Encuentra la elegancia y el lujo que merece de la mano de nuestros expertos inmobiliarios.","breadcrumb":{"@id":"https:\/\/premiumpropertybenahavis.com\/es\/catalogo-exclusivo\/#breadcrumb"},"inLanguage":"es","potentialAction":[{"@type":"ReadAction","target":["https:\/\/premiumpropertybenahavis.com\/es\/catalogo-exclusivo\/"]}]},{"@type":"ImageObject","inLanguage":"es","@id":"https:\/\/premiumpropertybenahavis.com\/es\/catalogo-exclusivo\/#primaryimage","url":"https:\/\/premiumpropertybenahavis.com\/wp-content\/uploads\/2022\/07\/luxury-properties-in-benahavis-marbella.jpg","contentUrl":"https:\/\/premiumpropertybenahavis.com\/wp-content\/uploads\/2022\/07\/luxury-properties-in-benahavis-marbella.jpg","width":1800,"height":785,"caption":"Luxury properties for sale in Benahavis and Marbella"},{"@type":"BreadcrumbList","@id":"https:\/\/premiumpropertybenahavis.com\/es\/catalogo-exclusivo\/#breadcrumb","itemListElement":[{"@type":"ListItem","position":1,"name":"Home","item":"https:\/\/premiumpropertybenahavis.com\/es\/"},{"@type":"ListItem","position":2,"name":"Cat\u00e1logo exclusivo"}]},{"@type":"WebSite","@id":"https:\/\/premiumpropertybenahavis.com\/es\/#website","url":"https:\/\/premiumpropertybenahavis.com\/es\/","name":"Premium Properties Benahav\u00eds","description":"Only the best properties for sale in Benahavis and Marbella. Villas &amp; Mansions in the most exclusive area in Andalusia - southern Spain","potentialAction":[{"@type":"SearchAction","target":{"@type":"EntryPoint","urlTemplate":"https:\/\/premiumpropertybenahavis.com\/es\/?s={search_term_string}"},"query-input":{"@type":"PropertyValueSpecification","valueRequired":true,"valueName":"search_term_string"}}],"inLanguage":"es"}]}},"uagb_featured_image_src":{"full":["https:\/\/premiumpropertybenahavis.com\/wp-content\/uploads\/2022\/07\/luxury-properties-in-benahavis-marbella.jpg",1800,785,false],"thumbnail":["https:\/\/premiumpropertybenahavis.com\/wp-content\/uploads\/2022\/07\/luxury-properties-in-benahavis-marbella-300x300.jpg",300,300,true],"medium":["https:\/\/premiumpropertybenahavis.com\/wp-content\/uploads\/2022\/07\/luxury-properties-in-benahavis-marbella-900x393.jpg",900,393,true],"medium_large":["https:\/\/premiumpropertybenahavis.com\/wp-content\/uploads\/2022\/07\/luxury-properties-in-benahavis-marbella-768x335.jpg",768,335,true],"large":["https:\/\/premiumpropertybenahavis.com\/wp-content\/uploads\/2022\/07\/luxury-properties-in-benahavis-marbella.jpg",1800,785,false],"1536x1536":["https:\/\/premiumpropertybenahavis.com\/wp-content\/uploads\/2022\/07\/luxury-properties-in-benahavis-marbella-1536x670.jpg",1536,670,true],"2048x2048":["https:\/\/premiumpropertybenahavis.com\/wp-content\/uploads\/2022\/07\/luxury-properties-in-benahavis-marbella.jpg",1800,785,false],"big-size":["https:\/\/premiumpropertybenahavis.com\/wp-content\/uploads\/2022\/07\/luxury-properties-in-benahavis-marbella.jpg",1800,785,false]},"uagb_author_info":{"display_name":"pr3mpr0p@ben4","author_link":"https:\/\/premiumpropertybenahavis.com\/es\/author\/pr3mpr0pben4\/"},"uagb_comment_info":0,"uagb_excerpt":null,"_links":{"self":[{"href":"https:\/\/premiumpropertybenahavis.com\/es\/wp-json\/wp\/v2\/pages\/838","targetHints":{"allow":["GET"]}}],"collection":[{"href":"https:\/\/premiumpropertybenahavis.com\/es\/wp-json\/wp\/v2\/pages"}],"about":[{"href":"https:\/\/premiumpropertybenahavis.com\/es\/wp-json\/wp\/v2\/types\/page"}],"author":[{"embeddable":true,"href":"https:\/\/premiumpropertybenahavis.com\/es\/wp-json\/wp\/v2\/users\/1"}],"replies":[{"embeddable":true,"href":"https:\/\/premiumpropertybenahavis.com\/es\/wp-json\/wp\/v2\/comments?post=838"}],"version-history":[{"count":5,"href":"https:\/\/premiumpropertybenahavis.com\/es\/wp-json\/wp\/v2\/pages\/838\/revisions"}],"predecessor-version":[{"id":1861,"href":"https:\/\/premiumpropertybenahavis.com\/es\/wp-json\/wp\/v2\/pages\/838\/revisions\/1861"}],"wp:featuredmedia":[{"embeddable":true,"href":"https:\/\/premiumpropertybenahavis.com\/es\/wp-json\/wp\/v2\/media\/994"}],"wp:attachment":[{"href":"https:\/\/premiumpropertybenahavis.com\/es\/wp-json\/wp\/v2\/media?parent=838"}],"curies":[{"name":"wp","href":"https:\/\/api.w.org\/{rel}","templated":true}]}}